{"id":393,"date":"2018-02-07T21:46:06","date_gmt":"2018-02-07T21:46:06","guid":{"rendered":"https:\/\/airpressman.com\/about\/"},"modified":"2025-06-18T14:12:41","modified_gmt":"2025-06-18T17:12:41","slug":"sobre-nosotros","status":"publish","type":"page","link":"https:\/\/airpressman.com\/es\/sobre-nosotros\/","title":{"rendered":"Sobre Nosotros"},"content":{"rendered":"\n<div class=\"alignnormal\"><div id=\"metaslider-id-5351\" style=\"max-width: 1200px; margin: 0 auto;\" class=\"ml-slider-3-105-0 metaslider metaslider-flex metaslider-5351 ml-slider ms-theme-default nav-hidden\" role=\"region\" aria-label=\"Portada - About Us\" data-height=\"700\" data-width=\"1200\">\n    <div id=\"metaslider_container_5351\">\n        <div id=\"metaslider_5351\">\n            <ul class='slides'>\n                <li style=\"display: block; width: 100%;\" class=\"slide-5352 ms-image \" aria-roledescription=\"slide\" data-date=\"2024-01-18 21:50:19\" data-filename=\"00006ABOUT-US_SOBRE-NOSOTROS_01-1-1200x700.png\" data-slide-type=\"image\"><img loading=\"lazy\" decoding=\"async\" src=\"https:\/\/airpressman.com\/wp-content\/uploads\/2024\/01\/00006ABOUT-US_SOBRE-NOSOTROS_01-1-1200x700.png\" height=\"700\" width=\"1200\" alt=\"\" class=\"slider-5351 slide-5352 msDefaultImage\" title=\"00006ABOUT-US_SOBRE-NOSOTROS_01\" \/><\/li>\n                <li style=\"display: none; width: 100%;\" class=\"slide-5353 ms-image \" aria-roledescription=\"slide\" data-date=\"2024-01-18 21:50:19\" data-filename=\"00006ABOUT-US_SOBRE-NOSOTROS_02-1-1200x700.png\" data-slide-type=\"image\"><img loading=\"lazy\" decoding=\"async\" src=\"https:\/\/airpressman.com\/wp-content\/uploads\/2024\/01\/00006ABOUT-US_SOBRE-NOSOTROS_02-1-1200x700.png\" height=\"700\" width=\"1200\" alt=\"\" class=\"slider-5351 slide-5353 msDefaultImage\" title=\"00006ABOUT-US_SOBRE-NOSOTROS_02\" \/><\/li>\n                <li style=\"display: none; width: 100%;\" class=\"slide-5354 ms-image \" aria-roledescription=\"slide\" data-date=\"2024-01-18 21:50:20\" data-filename=\"00006ABOUT-US_SOBRE-NOSOTROS_03-1-1200x700.png\" data-slide-type=\"image\"><img loading=\"lazy\" decoding=\"async\" src=\"https:\/\/airpressman.com\/wp-content\/uploads\/2024\/01\/00006ABOUT-US_SOBRE-NOSOTROS_03-1-1200x700.png\" height=\"700\" width=\"1200\" alt=\"\" class=\"slider-5351 slide-5354 msDefaultImage\" title=\"00006ABOUT-US_SOBRE-NOSOTROS_03\" \/><\/li>\n                <li style=\"display: none; width: 100%;\" class=\"slide-5355 ms-image \" aria-roledescription=\"slide\" data-date=\"2024-01-18 21:50:20\" data-filename=\"00006ABOUT-US_SOBRE-NOSOTROS_04-1-1200x700.png\" data-slide-type=\"image\"><img loading=\"lazy\" decoding=\"async\" src=\"https:\/\/airpressman.com\/wp-content\/uploads\/2024\/01\/00006ABOUT-US_SOBRE-NOSOTROS_04-1-1200x700.png\" height=\"700\" width=\"1200\" alt=\"\" class=\"slider-5351 slide-5355 msDefaultImage\" title=\"00006ABOUT-US_SOBRE-NOSOTROS_04\" \/><\/li>\n                <li style=\"display: none; width: 100%;\" class=\"slide-5356 ms-image \" aria-roledescription=\"slide\" data-date=\"2024-01-18 21:50:20\" data-filename=\"00006ABOUT-US_SOBRE-NOSOTROS_05-1-1200x700.png\" data-slide-type=\"image\"><img loading=\"lazy\" decoding=\"async\" src=\"https:\/\/airpressman.com\/wp-content\/uploads\/2024\/01\/00006ABOUT-US_SOBRE-NOSOTROS_05-1-1200x700.png\" height=\"700\" width=\"1200\" alt=\"\" class=\"slider-5351 slide-5356 msDefaultImage\" title=\"00006ABOUT-US_SOBRE-NOSOTROS_05\" \/><\/li>\n                <li style=\"display: none; width: 100%;\" class=\"slide-5357 ms-image \" aria-roledescription=\"slide\" data-date=\"2024-01-18 21:50:20\" data-filename=\"00006ABOUT-US_SOBRE-NOSOTROS_06-1-1200x700.png\" data-slide-type=\"image\"><img loading=\"lazy\" decoding=\"async\" src=\"https:\/\/airpressman.com\/wp-content\/uploads\/2024\/01\/00006ABOUT-US_SOBRE-NOSOTROS_06-1-1200x700.png\" height=\"700\" width=\"1200\" alt=\"\" class=\"slider-5351 slide-5357 msDefaultImage\" title=\"00006ABOUT-US_SOBRE-NOSOTROS_06\" \/><\/li>\n            <\/ul>\n        <\/div>\n        \n    <\/div>\n<\/div><\/div>\n\n\n\n<p>El objetivo de Airpressman es presentar art\u00edculos, noticias, im\u00e1genes e informaci\u00f3n sobre el diverso mundo de la aviaci\u00f3n; tanto civil como militar. Los art\u00edculos son extensos y contienen mucha informaci\u00f3n t\u00e9cnica \u2013 nos gusta ser minuciosos \u2013 por lo tanto indicados para nuestros lectores m\u00e1s \u00e1vidos por detalles. Para aquellos que gusten de la fotograf\u00eda aeron\u00e1utica, nuestras cr\u00f3nicas est\u00e1n ampliamente ilustradas, entretanto&nbsp; frecuentemente publicaremos exposiciones de im\u00e1genes de las aeronaves destacadas en las notas, en nuestras Galer\u00edas de im\u00e1genes.<\/p>\n\n\n\n<p>Iniciamos nuestra tarea en Sudam\u00e9rica, sin embargo, planeamos expandir y extender nuestras alas a otros rincones de la regi\u00f3n y del mundo. Por lo tanto \u2013 por favor \u2013 retornen frecuentemente a visitar nuestro sitio!<\/p>\n\n\n\n<p>Si desean ver una versi\u00f3n m\u00e1s ligera e instant\u00e1nea de nuestro trabajo, s\u00edganos en&nbsp;<strong>Facebook (Airpressman)<\/strong>,&nbsp;<strong>Instagram (airpressman)<\/strong>&nbsp;y en&nbsp;<strong>500px (Airpressman)<\/strong><\/p>\n\n\n\n<h2 class=\"wp-block-heading\" id=\"h-quien-es-airpressman\">\u00bfQui\u00e9n es Airpressman?<\/h2>\n\n\n\n<p class=\"has-pale-cyan-blue-background-color has-background\"><strong>Ernesto Blanco Calcagno<\/strong>&nbsp;es un uruguayo apasionado por la aviaci\u00f3n. Egresado de la Escuela T\u00e9cnica Aeron\u00e1utica de la Fuerza A\u00e9rea Uruguaya (Motores a reacci\u00f3n) se desempe\u00f1\u00f3 en el entonces Grupo de Aviaci\u00f3n No. 2 (CAZA) en tareas de mantenimiento de motores en aeronaves Lockheed T-33A y Cessna A-37B. Residente en varios pa\u00edses durante su vida (Uruguay, Brasil, Reino Unido y Argentina) comenz\u00f3 a entrenar como piloto a los 17 a\u00f1os en Uruguay (Canelones), continu\u00f3 en Brasil (R\u00edo de Janeiro), Estados Unidos (California) y Reino Unido (Wycombe y Bournemouth). Posee licencia comercial del FAA estadounidense con una habilitaci\u00f3n de Vuelo por Instrumentos as\u00ed como una Comercial B\u00e1sica con rating de Instructor de Vuelo (AFI) del CAA del Reino Unido. Tripulante de Cabina de Pasajeros desde 1984 junto una gran aerol\u00ednea internacional con sede en el Reino Unido; cumpli\u00f3 inicialmente funciones en servicios de corto recorrido y luego m\u00e1s de tres d\u00e9cadas en aeronaves de largo recorrido y fuselaje ancho. Dicha vida laboral permiti\u00f3 volar y conocer todos los continentes del planeta y brindando oportunidades para redactar art\u00edculos sobre esta asombrosa industria. Retirado en 2020 como Director de Servicio de Cabina (Gerente de Abordo) de aeronaves Boeing 767, 777, 747 y 787 con la finalidad de dedicarse a la familia, emprender nuevas iniciativas referentes a publicaciones digitales y audiovisuales sobre aeron\u00e1utica, as\u00ed como a la escritura de libros.<\/p>\n\n\n\n<p><em>\u00a1Buenos Vientos!<\/em><\/p>\n\n\n\n<p><strong>El Equipo de Airpressman<\/strong><\/p>\n\n\n\n<div class=\"wp-block-columns are-vertically-aligned-center is-layout-flex wp-container-core-columns-is-layout-2 wp-block-columns-is-layout-flex\">\n<div class=\"wp-block-column is-vertically-aligned-center is-layout-flow wp-block-column-is-layout-flow\" style=\"flex-basis:100%\">\n<div class=\"wp-block-columns is-layout-flex wp-container-core-columns-is-layout-1 wp-block-columns-is-layout-flex\">\n<div class=\"wp-block-column is-layout-flow wp-block-column-is-layout-flow\">\n<figure class=\"wp-block-image size-full\"><img loading=\"lazy\" decoding=\"async\" width=\"700\" height=\"350\" src=\"https:\/\/airpressman.com\/wp-content\/uploads\/2024\/01\/00006ABOUT-US_SOBRE-NOSOTROS_06.png\" alt=\"\" class=\"wp-image-5372\" srcset=\"https:\/\/airpressman.com\/wp-content\/uploads\/2024\/01\/00006ABOUT-US_SOBRE-NOSOTROS_06.png 700w, https:\/\/airpressman.com\/wp-content\/uploads\/2024\/01\/00006ABOUT-US_SOBRE-NOSOTROS_06-300x150.png 300w, https:\/\/airpressman.com\/wp-content\/uploads\/2024\/01\/00006ABOUT-US_SOBRE-NOSOTROS_06-150x75.png 150w, https:\/\/airpressman.com\/wp-content\/uploads\/2024\/01\/00006ABOUT-US_SOBRE-NOSOTROS_06-696x348.png 696w\" sizes=\"auto, (max-width: 700px) 100vw, 700px\" \/><\/figure>\n<\/div>\n\n\n\n<div class=\"wp-block-column is-layout-flow wp-block-column-is-layout-flow\">\n<figure class=\"wp-block-image size-full is-resized\"><img loading=\"lazy\" decoding=\"async\" width=\"500\" height=\"500\" src=\"https:\/\/airpressman.com\/wp-content\/uploads\/2023\/11\/airpressman-500x5002-1.jpeg\" alt=\"\" class=\"wp-image-4961\" style=\"width:265px;height:auto\" srcset=\"https:\/\/airpressman.com\/wp-content\/uploads\/2023\/11\/airpressman-500x5002-1.jpeg 500w, https:\/\/airpressman.com\/wp-content\/uploads\/2023\/11\/airpressman-500x5002-1-300x300.jpeg 300w, https:\/\/airpressman.com\/wp-content\/uploads\/2023\/11\/airpressman-500x5002-1-150x150.jpeg 150w, https:\/\/airpressman.com\/wp-content\/uploads\/2023\/11\/airpressman-500x5002-1-420x420.jpeg 420w\" sizes=\"auto, (max-width: 500px) 100vw, 500px\" \/><\/figure>\n<\/div>\n<\/div>\n<\/div>\n<\/div>\n","protected":false},"excerpt":{"rendered":"<p>El objetivo de Airpressman es presentar art\u00edculos, noticias, im\u00e1genes e informaci\u00f3n sobre el diverso mundo de la aviaci\u00f3n; tanto civil como militar. Los art\u00edculos son extensos y contienen mucha informaci\u00f3n t\u00e9cnica \u2013 nos gusta ser minuciosos \u2013 por lo tanto indicados para nuestros lectores m\u00e1s \u00e1vidos por detalles. Para aquellos que gusten de la fotograf\u00eda [&hellip;]<\/p>\n","protected":false},"author":2,"featured_media":4963,"parent":0,"menu_order":0,"comment_status":"closed","ping_status":"closed","template":"","meta":{"tdm_status":"","tdm_grid_status":"","footnotes":""},"class_list":["post-393","page","type-page","status-publish","has-post-thumbnail"],"yoast_head":"<!-- This site is optimized with the Yoast SEO Premium plugin v21.5 (Yoast SEO v21.5) - https:\/\/yoast.com\/wordpress\/plugins\/seo\/ -->\n<title>Sobre Nosotros - Airpressman<\/title>\n<meta name=\"robots\" content=\"index, follow, max-snippet:-1, max-image-preview:large, max-video-preview:-1\" \/>\n<link rel=\"canonical\" href=\"https:\/\/airpressman.com\/es\/sobre-nosotros\/\" \/>\n<meta property=\"og:locale\" content=\"es_ES\" \/>\n<meta property=\"og:type\" content=\"article\" \/>\n<meta property=\"og:title\" content=\"Sobre Nosotros\" \/>\n<meta property=\"og:description\" content=\"El objetivo de Airpressman es presentar art\u00edculos, noticias, im\u00e1genes e informaci\u00f3n sobre el diverso mundo de la aviaci\u00f3n; tanto civil como militar. Los art\u00edculos son extensos y contienen mucha informaci\u00f3n t\u00e9cnica \u2013 nos gusta ser minuciosos \u2013 por lo tanto indicados para nuestros lectores m\u00e1s \u00e1vidos por detalles. Para aquellos que gusten de la fotograf\u00eda [&hellip;]\" \/>\n<meta property=\"og:url\" content=\"https:\/\/airpressman.com\/es\/sobre-nosotros\/\" \/>\n<meta property=\"og:site_name\" content=\"Airpressman\" \/>\n<meta property=\"article:modified_time\" content=\"2025-06-18T17:12:41+00:00\" \/>\n<meta property=\"og:image\" content=\"https:\/\/airpressman.com\/wp-content\/uploads\/2023\/11\/Airpressman-Fav-2500x2500-full-opt.jpeg\" \/>\n\t<meta property=\"og:image:width\" content=\"2500\" \/>\n\t<meta property=\"og:image:height\" content=\"2500\" \/>\n\t<meta property=\"og:image:type\" content=\"image\/jpeg\" \/>\n<meta name=\"twitter:card\" content=\"summary_large_image\" \/>\n<meta name=\"twitter:label1\" content=\"Tiempo de lectura\" \/>\n\t<meta name=\"twitter:data1\" content=\"3 minutos\" \/>\n<script type=\"application\/ld+json\" class=\"yoast-schema-graph\">{\"@context\":\"https:\/\/schema.org\",\"@graph\":[{\"@type\":\"WebPage\",\"@id\":\"https:\/\/airpressman.com\/es\/sobre-nosotros\/\",\"url\":\"https:\/\/airpressman.com\/es\/sobre-nosotros\/\",\"name\":\"Sobre Nosotros - Airpressman\",\"isPartOf\":{\"@id\":\"https:\/\/airpressman.com\/es\/#website\"},\"datePublished\":\"2018-02-07T21:46:06+00:00\",\"dateModified\":\"2025-06-18T17:12:41+00:00\",\"breadcrumb\":{\"@id\":\"https:\/\/airpressman.com\/es\/sobre-nosotros\/#breadcrumb\"},\"inLanguage\":\"es\",\"potentialAction\":[{\"@type\":\"ReadAction\",\"target\":[\"https:\/\/airpressman.com\/es\/sobre-nosotros\/\"]}]},{\"@type\":\"BreadcrumbList\",\"@id\":\"https:\/\/airpressman.com\/es\/sobre-nosotros\/#breadcrumb\",\"itemListElement\":[{\"@type\":\"ListItem\",\"position\":1,\"name\":\"Portada\",\"item\":\"https:\/\/airpressman.com\/es\/\"},{\"@type\":\"ListItem\",\"position\":2,\"name\":\"Sobre Nosotros\"}]},{\"@type\":\"WebSite\",\"@id\":\"https:\/\/airpressman.com\/es\/#website\",\"url\":\"https:\/\/airpressman.com\/es\/\",\"name\":\"Airpressman\",\"description\":\"SU PLATAFORMA PARA ART\u00cdCULOS, IM\u00c1GENES E INFORMACI\u00d3N DE AVIACI\u00d3N LATINA\",\"potentialAction\":[{\"@type\":\"SearchAction\",\"target\":{\"@type\":\"EntryPoint\",\"urlTemplate\":\"https:\/\/airpressman.com\/es\/?s={search_term_string}\"},\"query-input\":\"required name=search_term_string\"}],\"inLanguage\":\"es\"}]}<\/script>\n<!-- \/ Yoast SEO Premium plugin. -->","yoast_head_json":{"title":"Sobre Nosotros - Airpressman","robots":{"index":"index","follow":"follow","max-snippet":"max-snippet:-1","max-image-preview":"max-image-preview:large","max-video-preview":"max-video-preview:-1"},"canonical":"https:\/\/airpressman.com\/es\/sobre-nosotros\/","og_locale":"es_ES","og_type":"article","og_title":"Sobre Nosotros","og_description":"El objetivo de Airpressman es presentar art\u00edculos, noticias, im\u00e1genes e informaci\u00f3n sobre el diverso mundo de la aviaci\u00f3n; tanto civil como militar. Los art\u00edculos son extensos y contienen mucha informaci\u00f3n t\u00e9cnica \u2013 nos gusta ser minuciosos \u2013 por lo tanto indicados para nuestros lectores m\u00e1s \u00e1vidos por detalles. Para aquellos que gusten de la fotograf\u00eda [&hellip;]","og_url":"https:\/\/airpressman.com\/es\/sobre-nosotros\/","og_site_name":"Airpressman","article_modified_time":"2025-06-18T17:12:41+00:00","og_image":[{"width":2500,"height":2500,"url":"https:\/\/airpressman.com\/wp-content\/uploads\/2023\/11\/Airpressman-Fav-2500x2500-full-opt.jpeg","type":"image\/jpeg"}],"twitter_card":"summary_large_image","twitter_misc":{"Tiempo de lectura":"3 minutos"},"schema":{"@context":"https:\/\/schema.org","@graph":[{"@type":"WebPage","@id":"https:\/\/airpressman.com\/es\/sobre-nosotros\/","url":"https:\/\/airpressman.com\/es\/sobre-nosotros\/","name":"Sobre Nosotros - Airpressman","isPartOf":{"@id":"https:\/\/airpressman.com\/es\/#website"},"datePublished":"2018-02-07T21:46:06+00:00","dateModified":"2025-06-18T17:12:41+00:00","breadcrumb":{"@id":"https:\/\/airpressman.com\/es\/sobre-nosotros\/#breadcrumb"},"inLanguage":"es","potentialAction":[{"@type":"ReadAction","target":["https:\/\/airpressman.com\/es\/sobre-nosotros\/"]}]},{"@type":"BreadcrumbList","@id":"https:\/\/airpressman.com\/es\/sobre-nosotros\/#breadcrumb","itemListElement":[{"@type":"ListItem","position":1,"name":"Portada","item":"https:\/\/airpressman.com\/es\/"},{"@type":"ListItem","position":2,"name":"Sobre Nosotros"}]},{"@type":"WebSite","@id":"https:\/\/airpressman.com\/es\/#website","url":"https:\/\/airpressman.com\/es\/","name":"Airpressman","description":"SU PLATAFORMA PARA ART\u00cdCULOS, IM\u00c1GENES E INFORMACI\u00d3N DE AVIACI\u00d3N LATINA","potentialAction":[{"@type":"SearchAction","target":{"@type":"EntryPoint","urlTemplate":"https:\/\/airpressman.com\/es\/?s={search_term_string}"},"query-input":"required name=search_term_string"}],"inLanguage":"es"}]}},"_links":{"self":[{"href":"https:\/\/airpressman.com\/es\/wp-json\/wp\/v2\/pages\/393","targetHints":{"allow":["GET"]}}],"collection":[{"href":"https:\/\/airpressman.com\/es\/wp-json\/wp\/v2\/pages"}],"about":[{"href":"https:\/\/airpressman.com\/es\/wp-json\/wp\/v2\/types\/page"}],"author":[{"embeddable":true,"href":"https:\/\/airpressman.com\/es\/wp-json\/wp\/v2\/users\/2"}],"replies":[{"embeddable":true,"href":"https:\/\/airpressman.com\/es\/wp-json\/wp\/v2\/comments?post=393"}],"version-history":[{"count":41,"href":"https:\/\/airpressman.com\/es\/wp-json\/wp\/v2\/pages\/393\/revisions"}],"predecessor-version":[{"id":5662,"href":"https:\/\/airpressman.com\/es\/wp-json\/wp\/v2\/pages\/393\/revisions\/5662"}],"wp:featuredmedia":[{"embeddable":true,"href":"https:\/\/airpressman.com\/es\/wp-json\/wp\/v2\/media\/4963"}],"wp:attachment":[{"href":"https:\/\/airpressman.com\/es\/wp-json\/wp\/v2\/media?parent=393"}],"curies":[{"name":"wp","href":"https:\/\/api.w.org\/{rel}","templated":true}]}}